{"id":224,"date":"2021-02-10T17:39:14","date_gmt":"2021-02-10T16:39:14","guid":{"rendered":"http:\/\/szkoda-z-oc.pl\/?page_id=224"},"modified":"2024-09-07T07:37:51","modified_gmt":"2024-09-07T05:37:51","slug":"oswiadczenie-sprawcy","status":"publish","type":"page","link":"https:\/\/autonawypadek.com.pl\/index.php\/oswiadczenie-sprawcy\/","title":{"rendered":"O\u015bwiadczenie sprawcy"},"content":{"rendered":"\t\t<div data-elementor-type=\"wp-page\" data-elementor-id=\"224\" class=\"elementor elementor-224\">\n\t\t\t\t\t\t<div class=\"elementor-inner\">\n\t\t\t\t<div class=\"elementor-section-wrap\">\n\t\t\t\t\t\t\t\t\t<section class=\"elementor-section elementor-top-section elementor-element elementor-element-1c7af9c1 elementor-section-full_width elementor-section-height-min-height elementor-section-content-middle elementor-section-height-default elementor-section-items-middle\" data-id=\"1c7af9c1\" data-element_type=\"section\" data-settings=\"{&quot;background_background&quot;:&quot;gradient&quot;}\">\n\t\t\t\t\t\t<div class=\"elementor-container elementor-column-gap-default\">\n\t\t\t\t\t\t\t<div class=\"elementor-row\">\n\t\t\t\t\t<div class=\"elementor-column elementor-col-100 elementor-top-column elementor-element elementor-element-74f4d3b1\" data-id=\"74f4d3b1\" data-element_type=\"column\">\n\t\t\t<div class=\"elementor-column-wrap elementor-element-populated\">\n\t\t\t\t\t\t\t<div class=\"elementor-widget-wrap\">\n\t\t\t\t\t\t<div class=\"elementor-element elementor-element-ff479e7 elementor-widget__width-inherit elementor-widget elementor-widget-heading\" data-id=\"ff479e7\" data-element_type=\"widget\" data-widget_type=\"heading.default\">\n\t\t\t\t<div class=\"elementor-widget-container\">\n\t\t\t<h2 class=\"elementor-heading-title elementor-size-default\">O\u015bwiadczenie sprawcy - wz\u00f3r<\/h2>\t\t<\/div>\n\t\t\t\t<\/div>\n\t\t\t\t\t\t<\/div>\n\t\t\t\t\t<\/div>\n\t\t<\/div>\n\t\t\t\t\t\t\t\t<\/div>\n\t\t\t\t\t<\/div>\n\t\t<\/section>\n\t\t\t\t<section class=\"elementor-section elementor-top-section elementor-element elementor-element-57c685a elementor-section-boxed elementor-section-height-default elementor-section-height-default\" data-id=\"57c685a\" data-element_type=\"section\">\n\t\t\t\t\t\t<div class=\"elementor-container elementor-column-gap-default\">\n\t\t\t\t\t\t\t<div class=\"elementor-row\">\n\t\t\t\t\t<div class=\"elementor-column elementor-col-100 elementor-top-column elementor-element elementor-element-e357d65\" data-id=\"e357d65\" data-element_type=\"column\">\n\t\t\t<div class=\"elementor-column-wrap elementor-element-populated\">\n\t\t\t\t\t\t\t<div class=\"elementor-widget-wrap\">\n\t\t\t\t\t\t<div class=\"elementor-element elementor-element-e2405fa elementor-widget elementor-widget-text-editor\" data-id=\"e2405fa\" data-element_type=\"widget\" data-widget_type=\"text-editor.default\">\n\t\t\t\t<div class=\"elementor-widget-container\">\n\t\t\t\t\t\t\t\t<div class=\"elementor-text-editor elementor-clearfix\">\n\t\t\t\t<p>Dokument jest wa\u017cny, gdy wszyscy uczestnicy zdarzenia zgadzaj\u0105 si\u0119 co do jego przebiegu i winnych. Takie o\u015bwiadczenie nale\u017cy przedstawi\u0107 firmie ubezpieczeniowej sprawcy kolizji lub wypadku. Maj\u0105c o\u015bwiadczenie OC sprawcy nale\u017cy Ci si\u0119\u00a0bezp\u0142atny samoch\u00f3d zast\u0119pczy\u00a0na ca\u0142y okres naprawy. Pojazd jest podstawiany i odbierany z wskazanego miejsca.<\/p>\t\t\t\t\t<\/div>\n\t\t\t\t\t\t<\/div>\n\t\t\t\t<\/div>\n\t\t\t\t\t\t<\/div>\n\t\t\t\t\t<\/div>\n\t\t<\/div>\n\t\t\t\t\t\t\t\t<\/div>\n\t\t\t\t\t<\/div>\n\t\t<\/section>\n\t\t\t\t<section class=\"elementor-section elementor-top-section elementor-element elementor-element-386b2c5 elementor-section-boxed elementor-section-height-default elementor-section-height-default\" data-id=\"386b2c5\" data-element_type=\"section\">\n\t\t\t\t\t\t<div class=\"elementor-container elementor-column-gap-default\">\n\t\t\t\t\t\t\t<div class=\"elementor-row\">\n\t\t\t\t\t<div class=\"elementor-column elementor-col-100 elementor-top-column elementor-element elementor-element-e8040a4\" data-id=\"e8040a4\" data-element_type=\"column\">\n\t\t\t<div class=\"elementor-column-wrap elementor-element-populated\">\n\t\t\t\t\t\t\t<div class=\"elementor-widget-wrap\">\n\t\t\t\t\t\t<div class=\"elementor-element elementor-element-5cb853e elementor-button-info elementor-widget elementor-widget-button\" data-id=\"5cb853e\" data-element_type=\"widget\" data-widget_type=\"button.default\">\n\t\t\t\t<div class=\"elementor-widget-container\">\n\t\t\t\t\t<div class=\"elementor-button-wrapper\">\n\t\t\t<a href=\"http:\/\/autonawypadek.com.pl\/wp-content\/uploads\/2024\/09\/oswiadczenie_sprawcy_oc.pdf\" target=\"_blank\" class=\"elementor-button-link elementor-button elementor-size-lg\" role=\"button\">\n\t\t\t\t\t\t<span class=\"elementor-button-content-wrapper\">\n\t\t\t\t\t\t<span class=\"elementor-button-text\">O\u015bwiadczenie sprawcy<\/span>\n\t\t<\/span>\n\t\t\t\t\t<\/a>\n\t\t<\/div>\n\t\t\t\t<\/div>\n\t\t\t\t<\/div>\n\t\t\t\t\t\t<\/div>\n\t\t\t\t\t<\/div>\n\t\t<\/div>\n\t\t\t\t\t\t\t\t<\/div>\n\t\t\t\t\t<\/div>\n\t\t<\/section>\n\t\t\t\t\t\t\t\t\t<\/div>\n\t\t\t<\/div>\n\t\t\t\t\t<\/div>\n\t\t","protected":false},"excerpt":{"rendered":"<p>O\u015bwiadczenie sprawcy &#8211; wz\u00f3r Dokument jest wa\u017cny, gdy wszyscy uczestnicy zdarzenia zgadzaj\u0105 si\u0119 co do jego przebiegu i winnych. Takie o\u015bwiadczenie nale\u017cy przedstawi\u0107 firmie ubezpieczeniowej sprawcy kolizji lub wypadku. Maj\u0105c o\u015bwiadczenie OC sprawcy nale\u017cy Ci si\u0119\u00a0bezp\u0142atny samoch\u00f3d zast\u0119pczy\u00a0na ca\u0142y okres naprawy. Pojazd jest podstawiany i odbierany z wskazanego miejsca. O\u015bwiadczenie sprawcy<\/p>\n","protected":false},"author":1,"featured_media":0,"parent":0,"menu_order":0,"comment_status":"closed","ping_status":"closed","template":"","meta":{"footnotes":""},"_links":{"self":[{"href":"https:\/\/autonawypadek.com.pl\/index.php\/wp-json\/wp\/v2\/pages\/224"}],"collection":[{"href":"https:\/\/autonawypadek.com.pl\/index.php\/wp-json\/wp\/v2\/pages"}],"about":[{"href":"https:\/\/autonawypadek.com.pl\/index.php\/wp-json\/wp\/v2\/types\/page"}],"author":[{"embeddable":true,"href":"https:\/\/autonawypadek.com.pl\/index.php\/wp-json\/wp\/v2\/users\/1"}],"replies":[{"embeddable":true,"href":"https:\/\/autonawypadek.com.pl\/index.php\/wp-json\/wp\/v2\/comments?post=224"}],"version-history":[{"count":3,"href":"https:\/\/autonawypadek.com.pl\/index.php\/wp-json\/wp\/v2\/pages\/224\/revisions"}],"predecessor-version":[{"id":434,"href":"https:\/\/autonawypadek.com.pl\/index.php\/wp-json\/wp\/v2\/pages\/224\/revisions\/434"}],"wp:attachment":[{"href":"https:\/\/autonawypadek.com.pl\/index.php\/wp-json\/wp\/v2\/media?parent=224"}],"curies":[{"name":"wp","href":"https:\/\/api.w.org\/{rel}","templated":true}]}}