{"id":251,"date":"2021-02-10T17:55:33","date_gmt":"2021-02-10T16:55:33","guid":{"rendered":"http:\/\/szkoda-z-oc.pl\/?page_id=251"},"modified":"2021-02-10T17:55:33","modified_gmt":"2021-02-10T16:55:33","slug":"assistance","status":"publish","type":"page","link":"https:\/\/autonawypadek.com.pl\/index.php\/assistance\/","title":{"rendered":"Assistance"},"content":{"rendered":"\t\t<div data-elementor-type=\"wp-page\" data-elementor-id=\"251\" class=\"elementor elementor-251\">\n\t\t\t\t\t\t<div class=\"elementor-inner\">\n\t\t\t\t<div class=\"elementor-section-wrap\">\n\t\t\t\t\t\t\t\t\t<section class=\"elementor-section elementor-top-section elementor-element elementor-element-1c7af9c1 elementor-section-full_width elementor-section-height-min-height elementor-section-content-middle elementor-section-height-default elementor-section-items-middle\" data-id=\"1c7af9c1\" data-element_type=\"section\" data-settings=\"{&quot;background_background&quot;:&quot;gradient&quot;}\">\n\t\t\t\t\t\t<div class=\"elementor-container elementor-column-gap-default\">\n\t\t\t\t\t\t\t<div class=\"elementor-row\">\n\t\t\t\t\t<div class=\"elementor-column elementor-col-100 elementor-top-column elementor-element elementor-element-74f4d3b1\" data-id=\"74f4d3b1\" data-element_type=\"column\">\n\t\t\t<div class=\"elementor-column-wrap elementor-element-populated\">\n\t\t\t\t\t\t\t<div class=\"elementor-widget-wrap\">\n\t\t\t\t\t\t<div class=\"elementor-element elementor-element-ff479e7 elementor-widget__width-inherit elementor-widget elementor-widget-heading\" data-id=\"ff479e7\" data-element_type=\"widget\" data-widget_type=\"heading.default\">\n\t\t\t\t<div class=\"elementor-widget-container\">\n\t\t\t<h2 class=\"elementor-heading-title elementor-size-default\">Assistance\n<\/h2>\t\t<\/div>\n\t\t\t\t<\/div>\n\t\t\t\t\t\t<\/div>\n\t\t\t\t\t<\/div>\n\t\t<\/div>\n\t\t\t\t\t\t\t\t<\/div>\n\t\t\t\t\t<\/div>\n\t\t<\/section>\n\t\t\t\t<section class=\"elementor-section elementor-top-section elementor-element elementor-element-5fe36f3 elementor-section-boxed elementor-section-height-default elementor-section-height-default\" data-id=\"5fe36f3\" data-element_type=\"section\">\n\t\t\t\t\t\t<div class=\"elementor-container elementor-column-gap-default\">\n\t\t\t\t\t\t\t<div class=\"elementor-row\">\n\t\t\t\t\t<div class=\"elementor-column elementor-col-100 elementor-top-column elementor-element elementor-element-1cc255b\" data-id=\"1cc255b\" data-element_type=\"column\">\n\t\t\t<div class=\"elementor-column-wrap elementor-element-populated\">\n\t\t\t\t\t\t\t<div class=\"elementor-widget-wrap\">\n\t\t\t\t\t\t<section class=\"elementor-section elementor-inner-section elementor-element elementor-element-9f94857 elementor-section-boxed elementor-section-height-default elementor-section-height-default\" data-id=\"9f94857\" data-element_type=\"section\">\n\t\t\t\t\t\t<div class=\"elementor-container elementor-column-gap-default\">\n\t\t\t\t\t\t\t<div class=\"elementor-row\">\n\t\t\t\t\t<div class=\"elementor-column elementor-col-100 elementor-inner-column elementor-element elementor-element-2b41f20\" data-id=\"2b41f20\" data-element_type=\"column\">\n\t\t\t<div class=\"elementor-column-wrap elementor-element-populated\">\n\t\t\t\t\t\t\t<div class=\"elementor-widget-wrap\">\n\t\t\t\t\t\t<div class=\"elementor-element elementor-element-529fe3a elementor-widget elementor-widget-heading\" data-id=\"529fe3a\" data-element_type=\"widget\" data-widget_type=\"heading.default\">\n\t\t\t\t<div class=\"elementor-widget-container\">\n\t\t\t<h2 class=\"elementor-heading-title elementor-size-default\">Organizacja holowania i podstawienie auta zast\u0119pczego<\/h2>\t\t<\/div>\n\t\t\t\t<\/div>\n\t\t\t\t\t\t<\/div>\n\t\t\t\t\t<\/div>\n\t\t<\/div>\n\t\t\t\t\t\t\t\t<\/div>\n\t\t\t\t\t<\/div>\n\t\t<\/section>\n\t\t\t\t<section class=\"elementor-section elementor-inner-section elementor-element elementor-element-714a58e elementor-section-boxed elementor-section-height-default elementor-section-height-default\" data-id=\"714a58e\" data-element_type=\"section\">\n\t\t\t\t\t\t<div class=\"elementor-container elementor-column-gap-default\">\n\t\t\t\t\t\t\t<div class=\"elementor-row\">\n\t\t\t\t\t<div class=\"elementor-column elementor-col-100 elementor-inner-column elementor-element elementor-element-92194e2\" data-id=\"92194e2\" data-element_type=\"column\">\n\t\t\t<div class=\"elementor-column-wrap elementor-element-populated\">\n\t\t\t\t\t\t\t<div class=\"elementor-widget-wrap\">\n\t\t\t\t\t\t<div class=\"elementor-element elementor-element-ba130cb elementor-widget elementor-widget-heading\" data-id=\"ba130cb\" data-element_type=\"widget\" data-widget_type=\"heading.default\">\n\t\t\t\t<div class=\"elementor-widget-container\">\n\t\t\t<h3 class=\"elementor-heading-title elementor-size-default\">Assistance szybkie wsparcie w wielu ci\u0119\u017ckich sytuacjach na drodze, na terenie ca\u0142ej Polski. Zapewniamy bardzo szeroki zakres us\u0142ug Assistance, holowanie, auto zast\u0119pcze, auto serwis.  <\/h3>\t\t<\/div>\n\t\t\t\t<\/div>\n\t\t\t\t\t\t<\/div>\n\t\t\t\t\t<\/div>\n\t\t<\/div>\n\t\t\t\t\t\t\t\t<\/div>\n\t\t\t\t\t<\/div>\n\t\t<\/section>\n\t\t\t\t<section class=\"elementor-section elementor-inner-section elementor-element elementor-element-2e61067 elementor-section-boxed elementor-section-height-default elementor-section-height-default\" data-id=\"2e61067\" data-element_type=\"section\">\n\t\t\t\t\t\t<div class=\"elementor-container elementor-column-gap-default\">\n\t\t\t\t\t\t\t<div class=\"elementor-row\">\n\t\t\t\t\t<div class=\"elementor-column elementor-col-100 elementor-inner-column elementor-element elementor-element-0ea2b5f\" data-id=\"0ea2b5f\" data-element_type=\"column\">\n\t\t\t<div class=\"elementor-column-wrap elementor-element-populated\">\n\t\t\t\t\t\t\t<div class=\"elementor-widget-wrap\">\n\t\t\t\t\t\t<div class=\"elementor-element elementor-element-f784596 elementor-widget elementor-widget-text-editor\" data-id=\"f784596\" data-element_type=\"widget\" data-widget_type=\"text-editor.default\">\n\t\t\t\t<div class=\"elementor-widget-container\">\n\t\t\t\t\t\t\t\t<div class=\"elementor-text-editor elementor-clearfix\">\n\t\t\t\t<p>Wypadek samochodu, kt\u00f3ry nie nadaje si\u0119 do dalszej jazdy. Co teraz? Oczywi\u015bcie wzywamy pomoc drogow\u0105. Okazuje si\u0119 jednak, \u017ce wielu kierowc\u00f3w bardzo si\u0119 przed tym broni, aby unikn\u0105\u0107 wysokich koszt\u00f3w tej us\u0142ugi. Niepotrzebnie. Zgodnie z prawem Towarzystwo Ubezpieczeniowe sprawcy kolizji\u00a0ma obowi\u0105zek zwr\u00f3ci\u0107 nam pieni\u0105dze za holowanie. Warto jednak wiedzie\u0107, \u017ce istniej\u0105 pewne wyj\u0105tki od tej regu\u0142y.\u00a0\u00a0<\/p>\t\t\t\t\t<\/div>\n\t\t\t\t\t\t<\/div>\n\t\t\t\t<\/div>\n\t\t\t\t\t\t<\/div>\n\t\t\t\t\t<\/div>\n\t\t<\/div>\n\t\t\t\t\t\t\t\t<\/div>\n\t\t\t\t\t<\/div>\n\t\t<\/section>\n\t\t\t\t\t\t<\/div>\n\t\t\t\t\t<\/div>\n\t\t<\/div>\n\t\t\t\t\t\t\t\t<\/div>\n\t\t\t\t\t<\/div>\n\t\t<\/section>\n\t\t\t\t<section class=\"elementor-section elementor-top-section elementor-element elementor-element-57c685a elementor-section-boxed elementor-section-height-default elementor-section-height-default\" data-id=\"57c685a\" data-element_type=\"section\">\n\t\t\t\t\t\t<div class=\"elementor-container elementor-column-gap-default\">\n\t\t\t\t\t\t\t<div class=\"elementor-row\">\n\t\t\t\t\t<div class=\"elementor-column elementor-col-66 elementor-top-column elementor-element elementor-element-e357d65\" data-id=\"e357d65\" data-element_type=\"column\">\n\t\t\t<div class=\"elementor-column-wrap elementor-element-populated\">\n\t\t\t\t\t\t\t<div class=\"elementor-widget-wrap\">\n\t\t\t\t\t\t<div class=\"elementor-element elementor-element-e2405fa elementor-widget elementor-widget-text-editor\" data-id=\"e2405fa\" data-element_type=\"widget\" data-widget_type=\"text-editor.default\">\n\t\t\t\t<div class=\"elementor-widget-container\">\n\t\t\t\t\t\t\t\t<div class=\"elementor-text-editor elementor-clearfix\">\n\t\t\t\t<p class=\" additional-class-1606136081  bd-content-element\">Holowanie samochodu to koszt, kt\u00f3ry pokrywa ubezpieczyciel. Je\u015bli obecna na miejscu zdarzenia policja uznaje, \u017ce samoch\u00f3d bior\u0105cy udzia\u0142 w kolizji nie nadaje si\u0119 do dalszej jazdy, nakazuje kierowcy zorganizowanie transportu auta do warsztatu. Ma on dwa wyj\u015bcia: samodzielnie zamawia us\u0142ug\u0119 holowania, albo robi to za niego policja, kt\u00f3ra nie b\u0119dzie na pewno dba\u0107 o koszty.\u00a0\u00a0<\/p><p class=\" additional-class-1058046577  bd-content-element\">Us\u0142uga holowania jest kosztem, kt\u00f3ry musi zosta\u0107 zwr\u00f3cony przez ubezpieczyciela sprawcy. Wystawion\u0105 faktur\u0119 dolicza si\u0119 do sumy wyp\u0142acanego odszkodowania. Jest to jasno uregulowane w artykule 361\u00a7 2 k.c. Pod nazw\u0105 pe\u0142nego odszkodowania. Warto natomiast pami\u0119ta\u0107, \u017ce w tym samym artykule jest mowa o\u00a0granicach zwi\u0105zku przyczynowego. Co to oznacza? Auto holujemy do warsztatu rozs\u0105dnie oddalonego od miejsca zdarzenia. Je\u015bli naszym kaprysem b\u0119dzie, aby samoch\u00f3d zosta\u0142 przewieziony z Gda\u0144ska do Krakowa, w\u00f3wczas taki koszt mo\u017ce zosta\u0107 s\u0142usznie przez ubezpieczyciela zakwestionowany.\u00a0\u00a0<\/p>\t\t\t\t\t<\/div>\n\t\t\t\t\t\t<\/div>\n\t\t\t\t<\/div>\n\t\t\t\t\t\t<\/div>\n\t\t\t\t\t<\/div>\n\t\t<\/div>\n\t\t\t\t<div class=\"elementor-column elementor-col-33 elementor-top-column elementor-element elementor-element-d74876c\" data-id=\"d74876c\" data-element_type=\"column\">\n\t\t\t<div class=\"elementor-column-wrap elementor-element-populated\">\n\t\t\t\t\t\t\t<div class=\"elementor-widget-wrap\">\n\t\t\t\t\t\t<div class=\"elementor-element elementor-element-f003178 elementor-widget elementor-widget-image\" data-id=\"f003178\" data-element_type=\"widget\" data-widget_type=\"image.default\">\n\t\t\t\t<div class=\"elementor-widget-container\">\n\t\t\t\t\t\t\t\t<div class=\"elementor-image\">\n\t\t\t\t\t\t\t\t\t\t\t\t<img decoding=\"async\" src=\"http:\/\/szkoda-z-oc.pl\/wp-content\/uploads\/2021\/02\/7.jpg\" title=\"\" alt=\"\" \/>\t\t\t\t\t\t\t\t\t\t\t\t\t\t<\/div>\n\t\t\t\t\t\t<\/div>\n\t\t\t\t<\/div>\n\t\t\t\t\t\t<\/div>\n\t\t\t\t\t<\/div>\n\t\t<\/div>\n\t\t\t\t\t\t\t\t<\/div>\n\t\t\t\t\t<\/div>\n\t\t<\/section>\n\t\t\t\t<section class=\"elementor-section elementor-top-section elementor-element elementor-element-679666a elementor-section-boxed elementor-section-height-default elementor-section-height-default\" data-id=\"679666a\" data-element_type=\"section\">\n\t\t\t\t\t\t<div class=\"elementor-container elementor-column-gap-default\">\n\t\t\t\t\t\t\t<div class=\"elementor-row\">\n\t\t\t\t\t<div class=\"elementor-column elementor-col-100 elementor-top-column elementor-element elementor-element-7689d43\" data-id=\"7689d43\" data-element_type=\"column\">\n\t\t\t<div class=\"elementor-column-wrap elementor-element-populated\">\n\t\t\t\t\t\t\t<div class=\"elementor-widget-wrap\">\n\t\t\t\t\t\t<div class=\"elementor-element elementor-element-7abe7e7 elementor-widget elementor-widget-text-editor\" data-id=\"7abe7e7\" data-element_type=\"widget\" data-widget_type=\"text-editor.default\">\n\t\t\t\t<div class=\"elementor-widget-container\">\n\t\t\t\t\t\t\t\t<div class=\"elementor-text-editor elementor-clearfix\">\n\t\t\t\t<p class=\" additional-class-2042755890  bd-content-element\">W praktyce na poszkodowanym kierowcy ci\u0105\u017cy wi\u0119c obowi\u0105zek wybrania pomocy drogowej, kt\u00f3ra b\u0119dzie transportowa\u0107 jego samoch\u00f3d do warsztatu. Oczywi\u015bcie nie ma \u017cadnych podstaw, aby podwa\u017ca\u0107 zasadno\u015b\u0107 przewozu rozbitego samochodu do warsztatu znajduj\u0105cego si\u0119 w obr\u0119bie miasta lub jego bliskich granicach, jednak\u00a0przesada na pewno zostanie wzi\u0119ta pod uwag\u0119 przez ubezpieczyciela.\u00a0 \u00a0\u00a0<\/p><p class=\" additional-class-364242920  bd-content-element\">W\u00f3wczas, gdy dostarczymy mu absurdalnie wysoki rachunek za holowanie, b\u0119dzie on mia\u0142 podstawy, aby go zakwestionowa\u0107. Nale\u017cy jednak wzi\u0105\u0107 pod uwag\u0119 okoliczno\u015bci. Kierowca, kt\u00f3ry jest w szoku po wypadku, nie musi przecie\u017c my\u015ble\u0107 logicznie. Cz\u0119sto zdarza si\u0119 te\u017c, \u017ce to policja wzywa pomoc drogow\u0105 nie zajmuj\u0105c si\u0119 szukaniem korzystnej oferty. W\u00f3wczas TU nie b\u0119dzie mia\u0142o podstaw do unikania zwrotu tego kosztu.<\/p><p class=\" additional-class-717973585  bd-content-element\">Pami\u0119tajmy wi\u0119c o istotnych zasadach. Holowanie uszkodzonego samochodu jest normalnym sk\u0142adnikiem procedury usuwania zaistnia\u0142ej szkody i kierowca ma pe\u0142ne prawo dochodzi\u0107 zwrotu z tytu\u0142u polisy OC sprawcy. Nie mo\u017ce jednak dowolnie wykorzystywa\u0107 tego prawa i sztucznie zawy\u017ca\u0107 koszt\u00f3w us\u0142ugi.\u00a0\u00a0<\/p>\t\t\t\t\t<\/div>\n\t\t\t\t\t\t<\/div>\n\t\t\t\t<\/div>\n\t\t\t\t\t\t<\/div>\n\t\t\t\t\t<\/div>\n\t\t<\/div>\n\t\t\t\t\t\t\t\t<\/div>\n\t\t\t\t\t<\/div>\n\t\t<\/section>\n\t\t\t\t<section class=\"elementor-section elementor-top-section elementor-element elementor-element-ec59baa elementor-section-boxed elementor-section-height-default elementor-section-height-default\" data-id=\"ec59baa\" data-element_type=\"section\">\n\t\t\t\t\t\t<div class=\"elementor-container elementor-column-gap-default\">\n\t\t\t\t\t\t\t<div class=\"elementor-row\">\n\t\t\t\t\t<div class=\"elementor-column elementor-col-100 elementor-top-column elementor-element elementor-element-73abaa2\" data-id=\"73abaa2\" data-element_type=\"column\">\n\t\t\t<div class=\"elementor-column-wrap elementor-element-populated\">\n\t\t\t\t\t\t\t<div class=\"elementor-widget-wrap\">\n\t\t\t\t\t\t<div class=\"elementor-element elementor-element-d833388 elementor-widget elementor-widget-text-editor\" data-id=\"d833388\" data-element_type=\"widget\" data-widget_type=\"text-editor.default\">\n\t\t\t\t<div class=\"elementor-widget-container\">\n\t\t\t\t\t\t\t\t<div class=\"elementor-text-editor elementor-clearfix\">\n\t\t\t\t<p>Ka\u017cdemu poszkodowanemu nale\u017cy si\u0119 samoch\u00f3d zast\u0119pczy<\/p>\t\t\t\t\t<\/div>\n\t\t\t\t\t\t<\/div>\n\t\t\t\t<\/div>\n\t\t\t\t\t\t<\/div>\n\t\t\t\t\t<\/div>\n\t\t<\/div>\n\t\t\t\t\t\t\t\t<\/div>\n\t\t\t\t\t<\/div>\n\t\t<\/section>\n\t\t\t\t\t\t\t\t\t<\/div>\n\t\t\t<\/div>\n\t\t\t\t\t<\/div>\n\t\t","protected":false},"excerpt":{"rendered":"<p>Assistance Organizacja holowania i podstawienie auta zast\u0119pczego Assistance szybkie wsparcie w wielu ci\u0119\u017ckich sytuacjach na drodze, na terenie ca\u0142ej Polski. Zapewniamy bardzo szeroki zakres us\u0142ug Assistance, holowanie, auto zast\u0119pcze, auto serwis. Wypadek samochodu, kt\u00f3ry nie nadaje si\u0119 do dalszej jazdy. Co teraz? Oczywi\u015bcie wzywamy pomoc drogow\u0105. Okazuje si\u0119 jednak, \u017ce wielu kierowc\u00f3w bardzo si\u0119 przed [&hellip;]<\/p>\n","protected":false},"author":1,"featured_media":0,"parent":0,"menu_order":0,"comment_status":"closed","ping_status":"closed","template":"","meta":{"footnotes":""},"_links":{"self":[{"href":"https:\/\/autonawypadek.com.pl\/index.php\/wp-json\/wp\/v2\/pages\/251"}],"collection":[{"href":"https:\/\/autonawypadek.com.pl\/index.php\/wp-json\/wp\/v2\/pages"}],"about":[{"href":"https:\/\/autonawypadek.com.pl\/index.php\/wp-json\/wp\/v2\/types\/page"}],"author":[{"embeddable":true,"href":"https:\/\/autonawypadek.com.pl\/index.php\/wp-json\/wp\/v2\/users\/1"}],"replies":[{"embeddable":true,"href":"https:\/\/autonawypadek.com.pl\/index.php\/wp-json\/wp\/v2\/comments?post=251"}],"version-history":[{"count":0,"href":"https:\/\/autonawypadek.com.pl\/index.php\/wp-json\/wp\/v2\/pages\/251\/revisions"}],"wp:attachment":[{"href":"https:\/\/autonawypadek.com.pl\/index.php\/wp-json\/wp\/v2\/media?parent=251"}],"curies":[{"name":"wp","href":"https:\/\/api.w.org\/{rel}","templated":true}]}}